{"id":155,"date":"2024-08-24T00:38:48","date_gmt":"2024-08-23T22:38:48","guid":{"rendered":"https:\/\/lamarelleenchantee.ovh\/wordpress\/?page_id=155"},"modified":"2024-08-26T00:00:24","modified_gmt":"2024-08-25T22:00:24","slug":"inscrire-votre-enfant","status":"publish","type":"page","link":"https:\/\/lamarelleenchantee.ovh\/wordpress\/inscrire-votre-enfant\/","title":{"rendered":"Pour inscrire votre enfant dans le multi accueil &#8220;La Marelle Enchant\u00e9e&#8221; \u00e0 Montagnac-Monpezat"},"content":{"rendered":"\n<h1 class=\"wp-block-heading has-text-align-center\">Contact : <a href=\"mailto:inscription@lamarelleenchantee.ovh\" target=\"_blank\" rel=\"noreferrer noopener\">inscription@lamarelleenchantee.ovh<\/a><\/h1>\n\n\n\n<p class=\"wp-block-paragraph\"><a href=\"https:\/\/lamarelleenchantee.ovh\/document\/inscription\/dossier_inscription.pdf\" target=\"_blank\" rel=\"noreferrer noopener\">Dossier d&#8217;inscription<\/a><br><a href=\"https:\/\/lamarelleenchantee.ovh\/document\/inscription\/Dossier_inscription_2023.pdf\" target=\"_blank\" rel=\"noreferrer noopener\">Fiche de renseignement<\/a><br><a href=\"https:\/\/lamarelleenchantee.ovh\/document\/inscription\/certificat_m\u00e9dical.pdf\" target=\"_blank\" rel=\"noreferrer noopener\">Certificat m\u00e9dical (\u00e0 remplir par le m\u00e9decin)<\/a><br><a href=\"https:\/\/lamarelleenchantee.ovh\/document\/inscription\/certificat_vaccinations.pdf\" target=\"_blank\" rel=\"noreferrer noopener\">Certificat de vaccinations (\u00e0 remplir par le m\u00e9decin)<\/a> (\u00e0 2 mois, 4 mois, 5 mois, 11 mois, 12 mois, 16\/18 mois)<br><a href=\"https:\/\/lamarelleenchantee.ovh\/document\/inscription\/fiche_autorisation.pdf\" target=\"_blank\" rel=\"noreferrer noopener\">Fiche d&#8217;autorisations (\u00e0 faire signer aux deux parents)<\/a><br><a href=\"https:\/\/lamarelleenchantee.ovh\/document\/inscription\/Fiche_Consentement_RGPD.pdf\" target=\"_blank\" rel=\"noreferrer noopener\">Fiche consentement &#8211; Protection des donn\u00e9es personnelles (RGPD) (\u00e0 faire signer aux deux parents)<\/a><br><a href=\"https:\/\/lamarelleenchantee.ovh\/document\/inscription\/Consentement_Filoue.pdf\" target=\"_blank\" rel=\"noreferrer noopener\">Fiche consentement &#8211; Enqu\u00eate Filou\u00e9 (CAF) (\u00e0 faire signer aux deux parents)<\/a><br><a href=\"https:\/\/lamarelleenchantee.ovh\/document\/inscription\/Validation_RF_protocoles.pdf\" target=\"_blank\" rel=\"noreferrer noopener\">Validation du r\u00e8glement de fonctionnement et des protocoles associ\u00e9s<\/a><br><a href=\"https:\/\/lamarelleenchantee.ovh\/document\/inscription\/attestation_honneur_repas.pdf\" target=\"_blank\" rel=\"noreferrer noopener\">Attestation sur l&#8217;honneur pour les repas (\u00e0 faire signer aux deux parents)<\/a><br><a href=\"https:\/\/lamarelleenchantee.ovh\/document\/inscription\/PIECES_A_FOURNIR_AFFAIRES_POUR_LA_CRECHE.pdf\" target=\"_blank\" rel=\"noreferrer noopener\">Pi\u00e8ces \u00e0 fournir et affaires pour la cr\u00e8che<\/a><br><a href=\"https:\/\/lamarelleenchantee.ovh\/document\/inscription\/PAI LA MARELLE.pdf\" target=\"_blank\" rel=\"noreferrer noopener\">Exemple Protocole Accueil Individualis\u00e9<\/a><br><a href=\"https:\/\/lamarelleenchantee.ovh\/document\/inscription\/Autorisation_medicale_medicaments.pdf\" target=\"_blank\" rel=\"noreferrer noopener\">Autorisation m\u00e9dicale pour la d\u00e9livrance des soins sp\u00e9cifiques (\u00e0 remplir par le m\u00e9decin et les parents)<\/a><br><a href=\"https:\/\/lamarelleenchantee.ovh\/document\/inscription\/Autoisation_parentale_non_allopathique.pdf\" target=\"_blank\" rel=\"noreferrer noopener\">Autorisation parentale pour l&#8217;application de produits non allopathiques (\u00e0 remplir par les parents)<\/a><br><a href=\"https:\/\/lamarelleenchantee.ovh\/document\/inscription\/autorisation_parentale_delivrance_medicaments.pdf\" target=\"_blank\" rel=\"noreferrer noopener\">Autorisation parentale pour la d\u00e9livrance d&#8217;un m\u00e9dicament lors d&#8217;un traitement sous ordonnance du m\u00e9decin (\u00e0 remplir par les parents)<\/a><br><a href=\"https:\/\/lamarelleenchantee.ovh\/document\/inscription\/decharge_responsabilite_medicaments_ouverts.pdf\" target=\"_blank\" rel=\"noreferrer noopener\">D\u00e9charge responsabilit\u00e9 si fourniture d&#8217;un m\u00e9dicament ouvert lors d&#8217;un traitement(\u00e0 remplir par les parents)<\/a><br><br><br>En inscrivant votre enfant, vous adh\u00e9rerez \u00e0 l&#8217;association. L&#8217;adh\u00e9sion est familiale et annuelle. Le montant de l&#8217;adh\u00e9sion est de 50\u20ac. Pour les inscriptions de septembre \u00e0 d\u00e9cembre, le montant de l&#8217;adh\u00e9sion est de 25\u20ac.<\/p>\n\n\n\n<p class=\"wp-block-paragraph\">N&#8217;h\u00e9sitez pas \u00e0 nous contacter au 04.92.77.50.14, la directrice, Mathilde MARX, r\u00e9pondra \u00e0 toutes vos questions pour pr\u00e9parer au-mieux la venue de votre enfant dans la structure.<br>Dans la mesure du possible, privil\u00e9giez le lundi et le mardi apr\u00e8s-midi (jour de d\u00e9charge administrative).<br><br><br><a href=\"https:\/\/lamarelleenchantee.ovh\/document\/inscription\/dossier_inscription_periscolaire.pdf\" target=\"_blank\" rel=\"noreferrer noopener\">Fiche d&#8217;inscription au service p\u00e9riscolaire (apr\u00e8s l&#8217;entr\u00e9e \u00e0 l&#8217;\u00e9cole de l&#8217;enfant)<\/a><br><a href=\"https:\/\/lamarelleenchantee.ovh\/document\/inscription\/dossier_reinscription_periscolaire.pdf\" target=\"_blank\" rel=\"noreferrer noopener\">Fiche de r\u00e9inscription annuelle au service p\u00e9riscolaire (chaque ann\u00e9e d&#8217;\u00e9cole jusqu&#8217;\u00e0 6 ans)<\/a><\/p>\n","protected":false},"excerpt":{"rendered":"<p>Contact : inscription@lamarelleenchantee.ovh Dossier d&#8217;inscriptionFiche de renseignementCertificat m\u00e9dical (\u00e0 remplir par le m\u00e9decin)Certificat de vaccinations (\u00e0 remplir par le m\u00e9decin) (\u00e0 2 mois, 4 mois, &hellip; <\/p>\n","protected":false},"author":1,"featured_media":0,"parent":0,"menu_order":0,"comment_status":"closed","ping_status":"closed","template":"","meta":{"_crdt_document":"","footnotes":""},"class_list":["post-155","page","type-page","status-publish","hentry"],"jetpack_sharing_enabled":true,"_links":{"self":[{"href":"https:\/\/lamarelleenchantee.ovh\/wordpress\/wp-json\/wp\/v2\/pages\/155","targetHints":{"allow":["GET"]}}],"collection":[{"href":"https:\/\/lamarelleenchantee.ovh\/wordpress\/wp-json\/wp\/v2\/pages"}],"about":[{"href":"https:\/\/lamarelleenchantee.ovh\/wordpress\/wp-json\/wp\/v2\/types\/page"}],"author":[{"embeddable":true,"href":"https:\/\/lamarelleenchantee.ovh\/wordpress\/wp-json\/wp\/v2\/users\/1"}],"replies":[{"embeddable":true,"href":"https:\/\/lamarelleenchantee.ovh\/wordpress\/wp-json\/wp\/v2\/comments?post=155"}],"version-history":[{"count":3,"href":"https:\/\/lamarelleenchantee.ovh\/wordpress\/wp-json\/wp\/v2\/pages\/155\/revisions"}],"predecessor-version":[{"id":225,"href":"https:\/\/lamarelleenchantee.ovh\/wordpress\/wp-json\/wp\/v2\/pages\/155\/revisions\/225"}],"wp:attachment":[{"href":"https:\/\/lamarelleenchantee.ovh\/wordpress\/wp-json\/wp\/v2\/media?parent=155"}],"curies":[{"name":"wp","href":"https:\/\/api.w.org\/{rel}","templated":true}]}}